{"id":382025,"date":"2024-10-10T12:43:37","date_gmt":"2024-10-10T12:43:37","guid":{"rendered":"https:\/\/sensations-group.com\/demosensationsworldwide\/?page_id=382025"},"modified":"2025-04-09T07:43:40","modified_gmt":"2025-04-09T07:43:40","slug":"therapie-munchen","status":"publish","type":"page","link":"https:\/\/sensations-group.com\/demosensationsworldwide\/therapie-munchen\/","title":{"rendered":"therapie M\u00dcNCHEN 2024"},"content":{"rendered":"<h2><strong>therapie MUNCHEN 2024 Trade Show<\/strong><\/h2>\n<p>Immerse yourself in the space of therapy and medical rehabilitation at therapie MUNCHEN 2024 from 3-5 December. This is a hotspot for experts in physical therapy, occupational therapy, and sports rehabilitation. Do not miss out on this opportunity to present your latest innovations in front of global leaders.<\/p>\n<p>Additionally, this event provides unmatchable opportunities for networking with healthcare professionals, researchers, and industry leaders. Turn your business into a renowned brand with Sensations Worldwide at therapie 2024 trade fair in Munich. We have been a reliable partner of thousands of clients for 21 years.<\/p>\n<p><strong>Reach out to us to know more.<\/strong><\/p>\n<h2><strong>Benefits to Attend therapie Munich 2024 Exhibition<\/strong><\/h2>\n<p>therapie MUNCHEN 2024 offers several opportunities to meet, discover, and gain valuable insight into the market.<\/p>\n<ul>\n<li>Approx 110 exhibitors and 3,200 visitors mark their attendance at the show.<\/li>\n<li>Participants have the golden chance to attend the 91 lectures, seminars, and workshops.<\/li>\n<li>Meet the physiotherapists, occupational and speech therapists, sports and training professionals, and other industry professionals.<\/li>\n<li>You can build valuable professional relationships with industry leaders.<\/li>\n<li>therapie MUNCHEN organizes educational programs that provide a deeper insight into the latest market.<\/li>\n<li>Gain a competitive edge.<\/li>\n<\/ul>\n<h2><strong>Why should you Partner with Sensations Worldwide at therapie MUNCHEN 2024 Expo?<\/strong><\/h2>\n<p>Being recognized in the crowd with the assistance of the best trade show booth design company and <a href=\"https:\/\/sensations-group.com\/demosensationsworldwide\/exhibition-booth-builder-in-munich\/\"><b>exhibition stand builder in Munich<\/b><\/a>. Sensations has years of expertise in this industry and delivered the highest quality stands. Our result-driven approach surely makes your experience memorable. Our team builds your stand at therapie MUNCHEN 2024 \u00a0by using high-end expertise. Sensations Worldwide has an in-house team who assist you from start to end, ensuring a seamless process. From concept to implementation, we are your one-stop solution for everything.<\/p>\n","protected":false},"excerpt":{"rendered":"<p>therapie MUNCHEN 2024 Trade Show Immerse yourself in the space of therapy and medical rehabilitation at therapie MUNCHEN 2024 from 3-5 December. This is a hotspot for experts in physical therapy, occupational therapy, and sports rehabilitation. Do not miss out on this opportunity to present your latest innovations in front of global leaders. Additionally, this [&hellip;]<\/p>\n","protected":false},"author":1,"featured_media":382027,"parent":0,"menu_order":200,"comment_status":"closed","ping_status":"closed","template":"expo.php","meta":{"footnotes":""},"yoast_head":"<!-- This site is optimized with the Yoast SEO Premium plugin v25.8 (Yoast SEO v25.8) - https:\/\/yoast.com\/wordpress\/plugins\/seo\/ -->\n<title>therapie 2026 M\u00dcNCHEN Germany | Booth Builder<\/title>\n<meta name=\"description\" content=\"therapie M\u00dcNCHEN will be held from 06 to 07 November, 2026 in Munich, Germany. therapie M\u00dcNCHEN is a trade fair for therapy and medical rehabilitation.\" \/>\n<meta name=\"robots\" content=\"noindex, follow, max-snippet:-1, max-image-preview:large, max-video-preview:-1\" \/>\n<meta property=\"og:locale\" content=\"en_US\" \/>\n<meta property=\"og:type\" content=\"article\" \/>\n<meta property=\"og:title\" content=\"therapie M\u00dcNCHEN 2024\" \/>\n<meta property=\"og:description\" content=\"therapie M\u00dcNCHEN will be held from 06 to 07 November, 2026 in Munich, Germany. therapie M\u00dcNCHEN is a trade fair for therapy and medical rehabilitation.\" \/>\n<meta property=\"og:url\" content=\"https:\/\/sensations-group.com\/demosensationsworldwide\/therapie-munchen\/\" \/>\n<meta property=\"og:site_name\" content=\"Exhibition Stand Design Builder Company\" \/>\n<meta property=\"article:publisher\" content=\"https:\/\/www.facebook.com\/SensationsWorldwide\/\" \/>\n<meta property=\"article:modified_time\" content=\"2025-04-09T07:43:40+00:00\" \/>\n<meta property=\"og:image\" content=\"https:\/\/sensations-group.com\/demosensationsworldwide\/wp-content\/uploads\/2024\/10\/therapie.jpg\" \/>\n\t<meta property=\"og:image:width\" content=\"200\" \/>\n\t<meta property=\"og:image:height\" content=\"200\" \/>\n\t<meta property=\"og:image:type\" content=\"image\/jpeg\" \/>\n<meta name=\"twitter:card\" content=\"summary_large_image\" \/>\n<meta name=\"twitter:site\" content=\"@sensations_ww\" \/>\n<meta name=\"twitter:label1\" content=\"Est. reading time\" \/>\n\t<meta name=\"twitter:data1\" content=\"2 minutes\" \/>\n<script type=\"application\/ld+json\" class=\"yoast-schema-graph\">{\"@context\":\"https:\/\/schema.org\",\"@graph\":[{\"@type\":\"WebPage\",\"@id\":\"https:\/\/sensations-group.com\/demosensationsworldwide\/therapie-munchen\/\",\"url\":\"https:\/\/sensations-group.com\/demosensationsworldwide\/therapie-munchen\/\",\"name\":\"therapie 2026 M\u00dcNCHEN Germany | Booth Builder\",\"isPartOf\":{\"@id\":\"https:\/\/sensations-group.com\/demosensationsworldwide\/#website\"},\"primaryImageOfPage\":{\"@id\":\"https:\/\/sensations-group.com\/demosensationsworldwide\/therapie-munchen\/#primaryimage\"},\"image\":{\"@id\":\"https:\/\/sensations-group.com\/demosensationsworldwide\/therapie-munchen\/#primaryimage\"},\"thumbnailUrl\":\"https:\/\/sensations-group.com\/demosensationsworldwide\/wp-content\/uploads\/2024\/10\/therapie.jpg\",\"datePublished\":\"2024-10-10T12:43:37+00:00\",\"dateModified\":\"2025-04-09T07:43:40+00:00\",\"description\":\"therapie M\u00dcNCHEN will be held from 06 to 07 November, 2026 in Munich, Germany. therapie M\u00dcNCHEN is a trade fair for therapy and medical rehabilitation.\",\"breadcrumb\":{\"@id\":\"https:\/\/sensations-group.com\/demosensationsworldwide\/therapie-munchen\/#breadcrumb\"},\"inLanguage\":\"en-US\",\"potentialAction\":[{\"@type\":\"ReadAction\",\"target\":[\"https:\/\/sensations-group.com\/demosensationsworldwide\/therapie-munchen\/\"]}]},{\"@type\":\"ImageObject\",\"inLanguage\":\"en-US\",\"@id\":\"https:\/\/sensations-group.com\/demosensationsworldwide\/therapie-munchen\/#primaryimage\",\"url\":\"https:\/\/sensations-group.com\/demosensationsworldwide\/wp-content\/uploads\/2024\/10\/therapie.jpg\",\"contentUrl\":\"https:\/\/sensations-group.com\/demosensationsworldwide\/wp-content\/uploads\/2024\/10\/therapie.jpg\",\"width\":200,\"height\":200,\"caption\":\"therapie MUNCHEN\"},{\"@type\":\"BreadcrumbList\",\"@id\":\"https:\/\/sensations-group.com\/demosensationsworldwide\/therapie-munchen\/#breadcrumb\",\"itemListElement\":[{\"@type\":\"ListItem\",\"position\":1,\"name\":\"Home\",\"item\":\"https:\/\/sensations-group.com\/demosensationsworldwide\/\"},{\"@type\":\"ListItem\",\"position\":2,\"name\":\"therapie M\u00dcNCHEN 2024\"}]},{\"@type\":\"WebSite\",\"@id\":\"https:\/\/sensations-group.com\/demosensationsworldwide\/#website\",\"url\":\"https:\/\/sensations-group.com\/demosensationsworldwide\/\",\"name\":\"Exhibition Stand Design Builder Company\",\"description\":\"Exhibition Stand Design Contractor and Booth Builder Company in Europe\",\"publisher\":{\"@id\":\"https:\/\/sensations-group.com\/demosensationsworldwide\/#organization\"},\"potentialAction\":[{\"@type\":\"SearchAction\",\"target\":{\"@type\":\"EntryPoint\",\"urlTemplate\":\"https:\/\/sensations-group.com\/demosensationsworldwide\/?s={search_term_string}\"},\"query-input\":{\"@type\":\"PropertyValueSpecification\",\"valueRequired\":true,\"valueName\":\"search_term_string\"}}],\"inLanguage\":\"en-US\"},{\"@type\":\"Organization\",\"@id\":\"https:\/\/sensations-group.com\/demosensationsworldwide\/#organization\",\"name\":\"Exhibition Stand Design Builder Company\",\"url\":\"https:\/\/sensations-group.com\/demosensationsworldwide\/\",\"logo\":{\"@type\":\"ImageObject\",\"inLanguage\":\"en-US\",\"@id\":\"https:\/\/sensations-group.com\/demosensationsworldwide\/#\/schema\/logo\/image\/\",\"url\":\"https:\/\/sensations-group.com\/demosensationsworldwide\/wp-content\/uploads\/2025\/03\/worldwide-logo.png\",\"contentUrl\":\"https:\/\/sensations-group.com\/demosensationsworldwide\/wp-content\/uploads\/2025\/03\/worldwide-logo.png\",\"width\":320,\"height\":124,\"caption\":\"Exhibition Stand Design Builder Company\"},\"image\":{\"@id\":\"https:\/\/sensations-group.com\/demosensationsworldwide\/#\/schema\/logo\/image\/\"},\"sameAs\":[\"https:\/\/www.facebook.com\/SensationsWorldwide\/\",\"https:\/\/x.com\/sensations_ww\",\"https:\/\/in.pinterest.com\/sensationsworldwide2020\/\",\"https:\/\/pl.linkedin.com\/company\/sensations-worldwide\",\"https:\/\/www.instagram.com\/sensations_worldwide\/\",\"https:\/\/www.youtube.com\/channel\/UCL1-BSn2MCl3qiGRckq7wEw\"],\"email\":\"enquiry@sensations-group.com\",\"telephone\":\"+48 668 419 100\",\"legalName\":\"Sensations Worldwide\"}]}<\/script>\n<!-- \/ Yoast SEO Premium plugin. -->","yoast_head_json":{"title":"therapie 2026 M\u00dcNCHEN Germany | Booth Builder","description":"therapie M\u00dcNCHEN will be held from 06 to 07 November, 2026 in Munich, Germany. therapie M\u00dcNCHEN is a trade fair for therapy and medical rehabilitation.","robots":{"index":"noindex","follow":"follow","max-snippet":"max-snippet:-1","max-image-preview":"max-image-preview:large","max-video-preview":"max-video-preview:-1"},"og_locale":"en_US","og_type":"article","og_title":"therapie M\u00dcNCHEN 2024","og_description":"therapie M\u00dcNCHEN will be held from 06 to 07 November, 2026 in Munich, Germany. therapie M\u00dcNCHEN is a trade fair for therapy and medical rehabilitation.","og_url":"https:\/\/sensations-group.com\/demosensationsworldwide\/therapie-munchen\/","og_site_name":"Exhibition Stand Design Builder Company","article_publisher":"https:\/\/www.facebook.com\/SensationsWorldwide\/","article_modified_time":"2025-04-09T07:43:40+00:00","og_image":[{"width":200,"height":200,"url":"https:\/\/sensations-group.com\/demosensationsworldwide\/wp-content\/uploads\/2024\/10\/therapie.jpg","type":"image\/jpeg"}],"twitter_card":"summary_large_image","twitter_site":"@sensations_ww","twitter_misc":{"Est. reading time":"2 minutes"},"schema":{"@context":"https:\/\/schema.org","@graph":[{"@type":"WebPage","@id":"https:\/\/sensations-group.com\/demosensationsworldwide\/therapie-munchen\/","url":"https:\/\/sensations-group.com\/demosensationsworldwide\/therapie-munchen\/","name":"therapie 2026 M\u00dcNCHEN Germany | Booth Builder","isPartOf":{"@id":"https:\/\/sensations-group.com\/demosensationsworldwide\/#website"},"primaryImageOfPage":{"@id":"https:\/\/sensations-group.com\/demosensationsworldwide\/therapie-munchen\/#primaryimage"},"image":{"@id":"https:\/\/sensations-group.com\/demosensationsworldwide\/therapie-munchen\/#primaryimage"},"thumbnailUrl":"https:\/\/sensations-group.com\/demosensationsworldwide\/wp-content\/uploads\/2024\/10\/therapie.jpg","datePublished":"2024-10-10T12:43:37+00:00","dateModified":"2025-04-09T07:43:40+00:00","description":"therapie M\u00dcNCHEN will be held from 06 to 07 November, 2026 in Munich, Germany. therapie M\u00dcNCHEN is a trade fair for therapy and medical rehabilitation.","breadcrumb":{"@id":"https:\/\/sensations-group.com\/demosensationsworldwide\/therapie-munchen\/#breadcrumb"},"inLanguage":"en-US","potentialAction":[{"@type":"ReadAction","target":["https:\/\/sensations-group.com\/demosensationsworldwide\/therapie-munchen\/"]}]},{"@type":"ImageObject","inLanguage":"en-US","@id":"https:\/\/sensations-group.com\/demosensationsworldwide\/therapie-munchen\/#primaryimage","url":"https:\/\/sensations-group.com\/demosensationsworldwide\/wp-content\/uploads\/2024\/10\/therapie.jpg","contentUrl":"https:\/\/sensations-group.com\/demosensationsworldwide\/wp-content\/uploads\/2024\/10\/therapie.jpg","width":200,"height":200,"caption":"therapie MUNCHEN"},{"@type":"BreadcrumbList","@id":"https:\/\/sensations-group.com\/demosensationsworldwide\/therapie-munchen\/#breadcrumb","itemListElement":[{"@type":"ListItem","position":1,"name":"Home","item":"https:\/\/sensations-group.com\/demosensationsworldwide\/"},{"@type":"ListItem","position":2,"name":"therapie M\u00dcNCHEN 2024"}]},{"@type":"WebSite","@id":"https:\/\/sensations-group.com\/demosensationsworldwide\/#website","url":"https:\/\/sensations-group.com\/demosensationsworldwide\/","name":"Exhibition Stand Design Builder Company","description":"Exhibition Stand Design Contractor and Booth Builder Company in Europe","publisher":{"@id":"https:\/\/sensations-group.com\/demosensationsworldwide\/#organization"},"potentialAction":[{"@type":"SearchAction","target":{"@type":"EntryPoint","urlTemplate":"https:\/\/sensations-group.com\/demosensationsworldwide\/?s={search_term_string}"},"query-input":{"@type":"PropertyValueSpecification","valueRequired":true,"valueName":"search_term_string"}}],"inLanguage":"en-US"},{"@type":"Organization","@id":"https:\/\/sensations-group.com\/demosensationsworldwide\/#organization","name":"Exhibition Stand Design Builder Company","url":"https:\/\/sensations-group.com\/demosensationsworldwide\/","logo":{"@type":"ImageObject","inLanguage":"en-US","@id":"https:\/\/sensations-group.com\/demosensationsworldwide\/#\/schema\/logo\/image\/","url":"https:\/\/sensations-group.com\/demosensationsworldwide\/wp-content\/uploads\/2025\/03\/worldwide-logo.png","contentUrl":"https:\/\/sensations-group.com\/demosensationsworldwide\/wp-content\/uploads\/2025\/03\/worldwide-logo.png","width":320,"height":124,"caption":"Exhibition Stand Design Builder Company"},"image":{"@id":"https:\/\/sensations-group.com\/demosensationsworldwide\/#\/schema\/logo\/image\/"},"sameAs":["https:\/\/www.facebook.com\/SensationsWorldwide\/","https:\/\/x.com\/sensations_ww","https:\/\/in.pinterest.com\/sensationsworldwide2020\/","https:\/\/pl.linkedin.com\/company\/sensations-worldwide","https:\/\/www.instagram.com\/sensations_worldwide\/","https:\/\/www.youtube.com\/channel\/UCL1-BSn2MCl3qiGRckq7wEw"],"email":"enquiry@sensations-group.com","telephone":"+48 668 419 100","legalName":"Sensations Worldwide"}]}},"_links":{"self":[{"href":"https:\/\/sensations-group.com\/demosensationsworldwide\/wp-json\/wp\/v2\/pages\/382025"}],"collection":[{"href":"https:\/\/sensations-group.com\/demosensationsworldwide\/wp-json\/wp\/v2\/pages"}],"about":[{"href":"https:\/\/sensations-group.com\/demosensationsworldwide\/wp-json\/wp\/v2\/types\/page"}],"author":[{"embeddable":true,"href":"https:\/\/sensations-group.com\/demosensationsworldwide\/wp-json\/wp\/v2\/users\/1"}],"replies":[{"embeddable":true,"href":"https:\/\/sensations-group.com\/demosensationsworldwide\/wp-json\/wp\/v2\/comments?post=382025"}],"version-history":[{"count":7,"href":"https:\/\/sensations-group.com\/demosensationsworldwide\/wp-json\/wp\/v2\/pages\/382025\/revisions"}],"predecessor-version":[{"id":383945,"href":"https:\/\/sensations-group.com\/demosensationsworldwide\/wp-json\/wp\/v2\/pages\/382025\/revisions\/383945"}],"wp:featuredmedia":[{"embeddable":true,"href":"https:\/\/sensations-group.com\/demosensationsworldwide\/wp-json\/wp\/v2\/media\/382027"}],"wp:attachment":[{"href":"https:\/\/sensations-group.com\/demosensationsworldwide\/wp-json\/wp\/v2\/media?parent=382025"}],"curies":[{"name":"wp","href":"https:\/\/api.w.org\/{rel}","templated":true}]}}